{"id":13,"date":"2025-01-02T18:29:45","date_gmt":"2025-01-02T18:29:45","guid":{"rendered":"https:\/\/www.ferienhaus-beatrix.de\/?page_id=13"},"modified":"2025-01-13T19:17:24","modified_gmt":"2025-01-13T19:17:24","slug":"home","status":"publish","type":"page","link":"https:\/\/www.ferienhaus-beatrix.de\/de\/","title":{"rendered":"Home"},"content":{"rendered":"<div data-elementor-type=\"wp-page\" data-elementor-id=\"13\" class=\"elementor elementor-13\">\n\t\t\t\t<div class=\"elementor-element elementor-element-675d276 e-flex e-con-boxed e-con e-parent\" data-id=\"675d276\" data-element_type=\"container\" data-e-type=\"container\">\n\t\t\t\t\t<div class=\"e-con-inner\">\n\t\t\t\t<div class=\"elementor-element elementor-element-05e9725 elementor-widget elementor-widget-spacer\" data-id=\"05e9725\" data-element_type=\"widget\" data-e-type=\"widget\" data-widget_type=\"spacer.default\">\n\t\t\t\t<div class=\"elementor-widget-container\">\n\t\t\t\t\t\t\t<div class=\"elementor-spacer\">\n\t\t\t<div class=\"elementor-spacer-inner\"><\/div>\n\t\t<\/div>\n\t\t\t\t\t\t<\/div>\n\t\t\t\t<\/div>\n\t\t\t\t<div class=\"elementor-element elementor-element-e89dddc elementor-widget elementor-widget-heading\" data-id=\"e89dddc\" data-element_type=\"widget\" data-e-type=\"widget\" data-widget_type=\"heading.default\">\n\t\t\t\t<div class=\"elementor-widget-container\">\n\t\t\t\t\t<h2 class=\"elementor-heading-title elementor-size-default\">FERIENHAUS BEATRIX<\/h2>\t\t\t\t<\/div>\n\t\t\t\t<\/div>\n\t\t\t\t<div class=\"elementor-element elementor-element-4c3eb52 elementor-widget elementor-widget-image\" data-id=\"4c3eb52\" data-element_type=\"widget\" data-e-type=\"widget\" data-widget_type=\"image.default\">\n\t\t\t\t<div class=\"elementor-widget-container\">\n\t\t\t\t\t\t\t\t\t\t\t\t\t\t\t<img fetchpriority=\"high\" decoding=\"async\" width=\"600\" height=\"400\" src=\"https:\/\/www.ferienhaus-beatrix.de\/wp-content\/uploads\/2025\/01\/beatrix1.jpg\" class=\"attachment-medium_large size-medium_large wp-image-157\" alt=\"\" srcset=\"https:\/\/www.ferienhaus-beatrix.de\/wp-content\/uploads\/2025\/01\/beatrix1.jpg 600w, https:\/\/www.ferienhaus-beatrix.de\/wp-content\/uploads\/2025\/01\/beatrix1-300x200.jpg 300w, https:\/\/www.ferienhaus-beatrix.de\/wp-content\/uploads\/2025\/01\/beatrix1-18x12.jpg 18w\" sizes=\"(max-width: 600px) 100vw, 600px\" \/>\t\t\t\t\t\t\t\t\t\t\t\t\t\t\t<\/div>\n\t\t\t\t<\/div>\n\t\t\t\t<div class=\"elementor-element elementor-element-d344d18 elementor-widget elementor-widget-heading\" data-id=\"d344d18\" data-element_type=\"widget\" data-e-type=\"widget\" data-widget_type=\"heading.default\">\n\t\t\t\t<div class=\"elementor-widget-container\">\n\t\t\t\t\t<h2 class=\"elementor-heading-title elementor-size-default\">Breskens<\/h2>\t\t\t\t<\/div>\n\t\t\t\t<\/div>\n\t\t\t\t<div class=\"elementor-element elementor-element-a4d8b41 elementor-widget-divider--view-line elementor-widget elementor-widget-divider\" data-id=\"a4d8b41\" data-element_type=\"widget\" data-e-type=\"widget\" data-widget_type=\"divider.default\">\n\t\t\t\t<div class=\"elementor-widget-container\">\n\t\t\t\t\t\t\t<div class=\"elementor-divider\">\n\t\t\t<span class=\"elementor-divider-separator\">\n\t\t\t\t\t\t<\/span>\n\t\t<\/div>\n\t\t\t\t\t\t<\/div>\n\t\t\t\t<\/div>\n\t\t\t\t<div class=\"elementor-element elementor-element-4388cce elementor-widget elementor-widget-text-editor\" data-id=\"4388cce\" data-element_type=\"widget\" data-e-type=\"widget\" data-widget_type=\"text-editor.default\">\n\t\t\t\t<div class=\"elementor-widget-container\">\n\t\t\t\t\t\t\t\t\t<p>Herzlich willkommen!<\/p><p><strong><span class=\"ds2\">Entspannung. Ruhe. Freiheit.<\/span><\/strong><\/p><p>Genie\u00dfen Sie das wunderbare Klima und die herrliche Landschaft Zeelands; der sonnige S\u00fcden Hollands. Wenn Sie fernab von Hektik und Stress Ihre Batterien wieder aufladen m\u00f6chten, dann kommen Sie nach Breskens.<\/p><p>Unser aktueller Belegungsplan zeigt Ihnen mit einem Klick, ob Ihr Wunschtermin noch frei ist. <a href=\"https:\/\/www.ferienhaus-beatrix.de\/de\/beschikbaarheid\/\">Belegungsplan<\/a>.<\/p><p>Wenn Sie Wert auf einen sch\u00f6n angelegten Garten, eine Komplettausstattung und eine geschmackvolle Inneneinrichtung legen, dann sind Sie bei uns genau richtig. In unserem liebevoll eingerichteten Haus im Ferienpark Scheldeveste werden Sie eine unvergessliche Zeit verbringen, ob als Single oder als Familie, ob zum Relaxen oder zum Aktiv-Urlaub, ob Sie Kultur oder Kreativit\u00e4t suchen, ob Sie Natur oder urbanes Leben bevorzugen \u2013 \u00fcberzeugen Sie sich selbst. Hier sind Sie richtig. Versprochen!<\/p><p>Wir w\u00fcrden uns wirklich sehr freuen, Sie hier in Zeeland, bei Haus Beatrix begr\u00fc\u00dfen zu k\u00f6nnen.<\/p><p class=\"ds1\"><span class=\"ds2\">Bis bald,<\/span><\/p>\t\t\t\t\t\t\t\t<\/div>\n\t\t\t\t<\/div>\n\t\t\t\t<div class=\"elementor-element elementor-element-eda0618 elementor-widget elementor-widget-image\" data-id=\"eda0618\" data-element_type=\"widget\" data-e-type=\"widget\" data-widget_type=\"image.default\">\n\t\t\t\t<div class=\"elementor-widget-container\">\n\t\t\t\t\t\t\t\t\t\t\t\t\t\t\t<img decoding=\"async\" width=\"300\" height=\"47\" src=\"https:\/\/www.ferienhaus-beatrix.de\/wp-content\/uploads\/2025\/01\/anjarene-300x47.png\" class=\"attachment-medium size-medium wp-image-170\" alt=\"\" srcset=\"https:\/\/www.ferienhaus-beatrix.de\/wp-content\/uploads\/2025\/01\/anjarene-300x47.png 300w, https:\/\/www.ferienhaus-beatrix.de\/wp-content\/uploads\/2025\/01\/anjarene-1024x161.png 1024w, https:\/\/www.ferienhaus-beatrix.de\/wp-content\/uploads\/2025\/01\/anjarene-768x120.png 768w, https:\/\/www.ferienhaus-beatrix.de\/wp-content\/uploads\/2025\/01\/anjarene-18x3.png 18w, https:\/\/www.ferienhaus-beatrix.de\/wp-content\/uploads\/2025\/01\/anjarene.png 1416w\" sizes=\"(max-width: 300px) 100vw, 300px\" \/>\t\t\t\t\t\t\t\t\t\t\t\t\t\t\t<\/div>\n\t\t\t\t<\/div>\n\t\t\t\t\t<\/div>\n\t\t\t\t<\/div>\n\t\t<div class=\"elementor-element elementor-element-4277849 e-flex e-con-boxed e-con e-parent\" data-id=\"4277849\" data-element_type=\"container\" data-e-type=\"container\">\n\t\t\t\t\t<div class=\"e-con-inner\">\n\t\t\t\t<div class=\"elementor-element elementor-element-39b5009 elementor-widget elementor-widget-spacer\" data-id=\"39b5009\" data-element_type=\"widget\" data-e-type=\"widget\" data-widget_type=\"spacer.default\">\n\t\t\t\t<div class=\"elementor-widget-container\">\n\t\t\t\t\t\t\t<div class=\"elementor-spacer\">\n\t\t\t<div class=\"elementor-spacer-inner\"><\/div>\n\t\t<\/div>\n\t\t\t\t\t\t<\/div>\n\t\t\t\t<\/div>\n\t\t\t\t<div class=\"elementor-element elementor-element-d14d5e1 elementor-widget elementor-widget-heading\" data-id=\"d14d5e1\" data-element_type=\"widget\" data-e-type=\"widget\" data-widget_type=\"heading.default\">\n\t\t\t\t<div class=\"elementor-widget-container\">\n\t\t\t\t\t<h2 class=\"elementor-heading-title elementor-size-default\">Haben Sie Fragen?<\/h2>\t\t\t\t<\/div>\n\t\t\t\t<\/div>\n\t\t\t\t<div class=\"elementor-element elementor-element-f8564f7 elementor-button-info elementor-align-center elementor-widget elementor-widget-button\" data-id=\"f8564f7\" data-element_type=\"widget\" data-e-type=\"widget\" data-widget_type=\"button.default\">\n\t\t\t\t<div class=\"elementor-widget-container\">\n\t\t\t\t\t\t\t\t\t<div class=\"elementor-button-wrapper\">\n\t\t\t\t\t<a class=\"elementor-button elementor-button-link elementor-size-sm\" href=\"https:\/\/www.ferienhaus-beatrix.de\/de\/contact\/\">\n\t\t\t\t\t\t<span class=\"elementor-button-content-wrapper\">\n\t\t\t\t\t\t\t\t\t<span class=\"elementor-button-text\">KONTAKT<\/span>\n\t\t\t\t\t<\/span>\n\t\t\t\t\t<\/a>\n\t\t\t\t<\/div>\n\t\t\t\t\t\t\t\t<\/div>\n\t\t\t\t<\/div>\n\t\t\t\t<div class=\"elementor-element elementor-element-4305dae elementor-widget elementor-widget-spacer\" data-id=\"4305dae\" data-element_type=\"widget\" data-e-type=\"widget\" data-widget_type=\"spacer.default\">\n\t\t\t\t<div class=\"elementor-widget-container\">\n\t\t\t\t\t\t\t<div class=\"elementor-spacer\">\n\t\t\t<div class=\"elementor-spacer-inner\"><\/div>\n\t\t<\/div>\n\t\t\t\t\t\t<\/div>\n\t\t\t\t<\/div>\n\t\t\t\t\t<\/div>\n\t\t\t\t<\/div>\n\t\t\t\t<\/div>","protected":false},"excerpt":{"rendered":"<p>VAKANTIEWONING BEATRIX Breskens Hartelijk welkom! Ontspanning. Rust. Vrijheid. Geniet van het heerlijke klimaat en het prachtige landschap van Zeeland; het [&hellip;]<\/p>\n","protected":false},"author":1,"featured_media":0,"parent":0,"menu_order":0,"comment_status":"closed","ping_status":"closed","template":"","meta":{"site-sidebar-layout":"no-sidebar","site-content-layout":"plain-container","ast-site-content-layout":"","site-content-style":"default","site-sidebar-style":"default","ast-global-header-display":"","ast-banner-title-visibility":"","ast-main-header-display":"","ast-hfb-above-header-display":"","ast-hfb-below-header-display":"","ast-hfb-mobile-header-display":"","site-post-title":"disabled","ast-breadcrumbs-content":"","ast-featured-img":"","footer-sml-layout":"","theme-transparent-header-meta":"disabled","adv-header-id-meta":"","stick-header-meta":"","header-above-stick-meta":"","header-main-stick-meta":"","header-below-stick-meta":"","astra-migrate-meta-layouts":"default","ast-page-background-enabled":"default","ast-page-background-meta":{"desktop":{"background-color":"var(--ast-global-color-5)","background-image":"","background-repeat":"repeat","background-position":"center center","background-size":"auto","background-attachment":"scroll","background-type":"","background-media":"","overlay-type":"","overlay-color":"","overlay-opacity":"","overlay-gradient":""},"tablet":{"background-color":"","background-image":"","background-repeat":"repeat","background-position":"center center","background-size":"auto","background-attachment":"scroll","background-type":"","background-media":"","overlay-type":"","overlay-color":"","overlay-opacity":"","overlay-gradient":""},"mobile":{"background-color":"","background-image":"","background-repeat":"repeat","background-position":"center center","background-size":"auto","background-attachment":"scroll","background-type":"","background-media":"","overlay-type":"","overlay-color":"","overlay-opacity":"","overlay-gradient":""}},"ast-content-background-meta":{"desktop":{"background-color":"var(--ast-global-color-4)","background-image":"","background-repeat":"repeat","background-position":"center center","background-size":"auto","background-attachment":"scroll","background-type":"","background-media":"","overlay-type":"","overlay-color":"","overlay-opacity":"","overlay-gradient":""},"tablet":{"background-color":"var(--ast-global-color-4)","background-image":"","background-repeat":"repeat","background-position":"center center","background-size":"auto","background-attachment":"scroll","background-type":"","background-media":"","overlay-type":"","overlay-color":"","overlay-opacity":"","overlay-gradient":""},"mobile":{"background-color":"var(--ast-global-color-4)","background-image":"","background-repeat":"repeat","background-position":"center center","background-size":"auto","background-attachment":"scroll","background-type":"","background-media":"","overlay-type":"","overlay-color":"","overlay-opacity":"","overlay-gradient":""}},"_glsr_average":0,"_glsr_ranking":0,"_glsr_reviews":0,"footnotes":""},"class_list":["post-13","page","type-page","status-publish","hentry"],"_links":{"self":[{"href":"https:\/\/www.ferienhaus-beatrix.de\/de\/wp-json\/wp\/v2\/pages\/13","targetHints":{"allow":["GET"]}}],"collection":[{"href":"https:\/\/www.ferienhaus-beatrix.de\/de\/wp-json\/wp\/v2\/pages"}],"about":[{"href":"https:\/\/www.ferienhaus-beatrix.de\/de\/wp-json\/wp\/v2\/types\/page"}],"author":[{"embeddable":true,"href":"https:\/\/www.ferienhaus-beatrix.de\/de\/wp-json\/wp\/v2\/users\/1"}],"replies":[{"embeddable":true,"href":"https:\/\/www.ferienhaus-beatrix.de\/de\/wp-json\/wp\/v2\/comments?post=13"}],"version-history":[{"count":41,"href":"https:\/\/www.ferienhaus-beatrix.de\/de\/wp-json\/wp\/v2\/pages\/13\/revisions"}],"predecessor-version":[{"id":310,"href":"https:\/\/www.ferienhaus-beatrix.de\/de\/wp-json\/wp\/v2\/pages\/13\/revisions\/310"}],"wp:attachment":[{"href":"https:\/\/www.ferienhaus-beatrix.de\/de\/wp-json\/wp\/v2\/media?parent=13"}],"curies":[{"name":"wp","href":"https:\/\/api.w.org\/{rel}","templated":true}]}}